{"id":9,"date":"2024-04-01T19:44:04","date_gmt":"2024-04-01T19:44:04","guid":{"rendered":"https:\/\/levenwicht.be\/?page_id=9"},"modified":"2025-12-24T11:43:49","modified_gmt":"2025-12-24T11:43:49","slug":"homepage","status":"publish","type":"page","link":"https:\/\/levenwicht.be\/","title":{"rendered":"Homepage"},"content":{"rendered":"\t\t<div data-elementor-type=\"wp-page\" data-elementor-id=\"9\" class=\"elementor elementor-9\">\n\t\t\t\t<div class=\"elementor-element elementor-element-35e35c2 e-flex e-con-boxed e-con e-parent\" data-id=\"35e35c2\" data-element_type=\"container\" data-e-type=\"container\">\n\t\t\t\t\t<div class=\"e-con-inner\">\n\t\t\t\t<div class=\"elementor-element elementor-element-17c84da elementor-widget__width-initial elementor-widget-mobile__width-initial elementor-widget elementor-widget-heading\" data-id=\"17c84da\" data-element_type=\"widget\" data-e-type=\"widget\" data-widget_type=\"heading.default\">\n\t\t\t\t<div class=\"elementor-widget-container\">\n\t\t\t\t\t<h2 class=\"elementor-heading-title elementor-size-default\">Welkom op je pad naar meer leven in evenwicht<\/h2>\t\t\t\t<\/div>\n\t\t\t\t<\/div>\n\t\t\t\t<div class=\"elementor-element elementor-element-24b9b3b elementor-widget elementor-widget-image\" data-id=\"24b9b3b\" data-element_type=\"widget\" data-e-type=\"widget\" data-widget_type=\"image.default\">\n\t\t\t\t<div class=\"elementor-widget-container\">\n\t\t\t\t\t\t\t\t\t\t\t\t\t\t\t<img fetchpriority=\"high\" decoding=\"async\" width=\"1536\" height=\"1025\" src=\"https:\/\/levenwicht.be\/wp-content\/uploads\/2025\/02\/A7R0211-bewerkt-1536x1025.jpg\" class=\"attachment-1536x1536 size-1536x1536 wp-image-22\" alt=\"\" srcset=\"https:\/\/levenwicht.be\/wp-content\/uploads\/2025\/02\/A7R0211-bewerkt-1536x1025.jpg 1536w, https:\/\/levenwicht.be\/wp-content\/uploads\/2025\/02\/A7R0211-bewerkt-300x200.jpg 300w, https:\/\/levenwicht.be\/wp-content\/uploads\/2025\/02\/A7R0211-bewerkt-1024x683.jpg 1024w, https:\/\/levenwicht.be\/wp-content\/uploads\/2025\/02\/A7R0211-bewerkt-768x512.jpg 768w, https:\/\/levenwicht.be\/wp-content\/uploads\/2025\/02\/A7R0211-bewerkt-2048x1366.jpg 2048w\" sizes=\"(max-width: 1536px) 100vw, 1536px\" \/>\t\t\t\t\t\t\t\t\t\t\t\t\t\t\t<\/div>\n\t\t\t\t<\/div>\n\t\t\t\t<div class=\"elementor-element elementor-element-3f1c085 elementor-widget elementor-widget-text-editor\" data-id=\"3f1c085\" data-element_type=\"widget\" data-e-type=\"widget\" data-widget_type=\"text-editor.default\">\n\t\t\t\t<div class=\"elementor-widget-container\">\n\t\t\t\t\t\t\t\t\t<p>natuurlijke ondersteuning van je fysieke, mentale en emotionele wel-zijn<\/p>\t\t\t\t\t\t\t\t<\/div>\n\t\t\t\t<\/div>\n\t\t\t\t<div class=\"elementor-element elementor-element-6d3ebaf elementor-widget elementor-widget-text-editor\" data-id=\"6d3ebaf\" data-element_type=\"widget\" data-e-type=\"widget\" data-widget_type=\"text-editor.default\">\n\t\t\t\t<div class=\"elementor-widget-container\">\n\t\t\t\t\t\t\t\t\t<h2><span style=\"color: #2b1d13;\">Je kiest vaak niet wat je overkomt en hoe je iets ervaart. Je kan wel kiezen hoe je ermee omgaat.\u00a0<\/span><\/h2><p>Uit evenwicht gaan is een deel van het leven, van ieders leven. Wat heb jij nodig om weer balans te vinden en in balans te blijven? Het antwoord op deze vraag zit al in jou. Wat ik doe is jou helpen <b>kijken, voelen en zijn<\/b>, zodat je weer voeling krijgt met wat je nodig hebt en je zelf stap voor stap de balans kan herstellen.\u00a0<\/p>\t\t\t\t\t\t\t\t<\/div>\n\t\t\t\t<\/div>\n\t\t\t\t\t<\/div>\n\t\t\t\t<\/div>\n\t\t<div class=\"elementor-element elementor-element-900af78 e-flex e-con-boxed e-con e-parent\" data-id=\"900af78\" data-element_type=\"container\" data-e-type=\"container\">\n\t\t\t\t\t<div class=\"e-con-inner\">\n\t\t<div class=\"elementor-element elementor-element-0502b92 e-con-full e-flex e-con e-child\" data-id=\"0502b92\" data-element_type=\"container\" data-e-type=\"container\">\n\t\t\t\t<div class=\"elementor-element elementor-element-6f1637a elementor-widget elementor-widget-text-editor\" data-id=\"6f1637a\" data-element_type=\"widget\" data-e-type=\"widget\" data-widget_type=\"text-editor.default\">\n\t\t\t\t<div class=\"elementor-widget-container\">\n\t\t\t\t\t\t\t\t\t<h2><span style=\"color: #2b1d13;\">Natuurlijke ondersteuning<\/span><\/h2><div><p>\u00a0We bepalen samen onderweg welke vorm van ondersteuning op welk moment het meest kloppend is voor jou.<\/p><\/div><ul><li>tot <b>rust <\/b>komen in jezelf via een behandeling voetreflexologie, ontspanningsmassage of dieptemassage<\/li><li>in contact komen met de <b>wijsheid <\/b>in jezelf via een (wandel)gesprek, waarin ruimte is om stil te staan bij wat je ervaart in je leven en hoe je van daaruit verder kan<\/li><li>ontdekken wat je <b>lichaam <\/b>nodig heeft en hoe je dat kan geven via aanpassingen in leefstijl, voeding, gewoontes en gedachtenpatronen<\/li><li><b>beeld<\/b>-kracht, want een beeld zegt soms meer dan 1000 woorden en helpt je om inzicht te krijgen in je eigen functioneren en om die inzichten te integreren in je leven<\/li><li><b>natuur<\/b>-kracht, want jouw lichaam heeft een krachtig zelfhelend vermogen dat kan ondersteund worden door gebruik te maken van de passende kruiden, supplementen, Bach-bloesemremedies of essenti\u00eble oli\u00ebn<\/li><\/ul><div>\u00a0<\/div>\t\t\t\t\t\t\t\t<\/div>\n\t\t\t\t<\/div>\n\t\t\t\t<\/div>\n\t\t<div class=\"elementor-element elementor-element-ad1eec7 e-con-full e-flex e-con e-child\" data-id=\"ad1eec7\" data-element_type=\"container\" data-e-type=\"container\">\n\t\t\t\t<div class=\"elementor-element elementor-element-dd5ab8c elementor-widget elementor-widget-image\" data-id=\"dd5ab8c\" data-element_type=\"widget\" data-e-type=\"widget\" data-widget_type=\"image.default\">\n\t\t\t\t<div class=\"elementor-widget-container\">\n\t\t\t\t\t\t\t\t\t\t\t\t\t\t\t<img decoding=\"async\" width=\"724\" height=\"1024\" src=\"https:\/\/levenwicht.be\/wp-content\/uploads\/2025\/02\/heal-yourself-website-724x1024.png\" class=\"attachment-large size-large wp-image-28\" alt=\"\" srcset=\"https:\/\/levenwicht.be\/wp-content\/uploads\/2025\/02\/heal-yourself-website-724x1024.png 724w, https:\/\/levenwicht.be\/wp-content\/uploads\/2025\/02\/heal-yourself-website-212x300.png 212w, https:\/\/levenwicht.be\/wp-content\/uploads\/2025\/02\/heal-yourself-website-768x1086.png 768w, https:\/\/levenwicht.be\/wp-content\/uploads\/2025\/02\/heal-yourself-website-1086x1536.png 1086w, https:\/\/levenwicht.be\/wp-content\/uploads\/2025\/02\/heal-yourself-website-1448x2048.png 1448w, https:\/\/levenwicht.be\/wp-content\/uploads\/2025\/02\/heal-yourself-website.png 1654w\" sizes=\"(max-width: 724px) 100vw, 724px\" \/>\t\t\t\t\t\t\t\t\t\t\t\t\t\t\t<\/div>\n\t\t\t\t<\/div>\n\t\t\t\t<\/div>\n\t\t<div class=\"elementor-element elementor-element-59e279e e-con-full e-flex e-con e-child\" data-id=\"59e279e\" data-element_type=\"container\" data-e-type=\"container\">\n\t\t\t\t<div class=\"elementor-element elementor-element-5c2091c elementor-widget elementor-widget-image\" data-id=\"5c2091c\" data-element_type=\"widget\" data-e-type=\"widget\" data-widget_type=\"image.default\">\n\t\t\t\t<div class=\"elementor-widget-container\">\n\t\t\t\t\t\t\t\t\t\t\t\t\t\t\t<img decoding=\"async\" width=\"768\" height=\"846\" src=\"https:\/\/levenwicht.be\/wp-content\/uploads\/2025\/02\/A7R0044-bewerkt2-768x846.jpg\" class=\"attachment-medium_large size-medium_large wp-image-20\" alt=\"\" srcset=\"https:\/\/levenwicht.be\/wp-content\/uploads\/2025\/02\/A7R0044-bewerkt2-768x846.jpg 768w, https:\/\/levenwicht.be\/wp-content\/uploads\/2025\/02\/A7R0044-bewerkt2-272x300.jpg 272w, https:\/\/levenwicht.be\/wp-content\/uploads\/2025\/02\/A7R0044-bewerkt2-929x1024.jpg 929w, https:\/\/levenwicht.be\/wp-content\/uploads\/2025\/02\/A7R0044-bewerkt2-1394x1536.jpg 1394w, https:\/\/levenwicht.be\/wp-content\/uploads\/2025\/02\/A7R0044-bewerkt2-1859x2048.jpg 1859w\" sizes=\"(max-width: 768px) 100vw, 768px\" \/>\t\t\t\t\t\t\t\t\t\t\t\t\t\t\t<\/div>\n\t\t\t\t<\/div>\n\t\t\t\t<\/div>\n\t\t<div class=\"elementor-element elementor-element-8a210ef e-con-full e-flex e-con e-child\" data-id=\"8a210ef\" data-element_type=\"container\" data-e-type=\"container\">\n\t\t\t\t<div class=\"elementor-element elementor-element-5c07637 elementor-widget elementor-widget-text-editor\" data-id=\"5c07637\" data-element_type=\"widget\" data-e-type=\"widget\" data-widget_type=\"text-editor.default\">\n\t\t\t\t<div class=\"elementor-widget-container\">\n\t\t\t\t\t\t\t\t\t<h2 style=\"text-align: right;\"><span style=\"color: #2b1d13;\">Samen op stap?<\/span><\/h2><p style=\"text-align: right;\"><span style=\"color: #898145;\">Welkom in mijn praktijk!<\/span><\/p><p style=\"text-align: right;\"><span style=\"color: #898145;\">Lees dan hieronder de informatie over de duur en prijs van een sessie.<\/span>\u00a0<\/p><p style=\"text-align: right;\"><span style=\"color: #898145;\">\u00a0<\/span><\/p><p style=\"text-align: right;\"><strong><span style=\"color: #808000;\">Praktijk LEVENWICHT<\/span><\/strong><\/p><p style=\"text-align: right;\"><strong><span style=\"color: #808000;\">Katrien Van lent<\/span><\/strong><\/p><p style=\"text-align: right;\"><span style=\"color: #808000;\">&#8217;t Hoogste 17A<\/span><\/p><p style=\"text-align: right;\"><span style=\"color: #808000;\">2880 Bornem<\/span><\/p><p>\u00a0<\/p><p style=\"text-align: right;\"><span style=\"color: #898145;\">Maak je graag een afspraak? Wil je wat meer informatie?<\/span><span style=\"color: #898145;\">\u00a0<\/span><\/p><p style=\"text-align: right;\"><span style=\"color: #898145;\">Contacteer me via katrien@levenwicht.be of via\u00a0 0486\/95.60.19 (bellen of whatsapp bericht)<\/span><\/p>\t\t\t\t\t\t\t\t<\/div>\n\t\t\t\t<\/div>\n\t\t\t\t<\/div>\n\t\t\t\t\t<\/div>\n\t\t\t\t<\/div>\n\t\t<div class=\"elementor-element elementor-element-8c20647 e-flex e-con-boxed e-con e-parent\" data-id=\"8c20647\" data-element_type=\"container\" data-e-type=\"container\">\n\t\t\t\t\t<div class=\"e-con-inner\">\n\t\t\t\t<div class=\"elementor-element elementor-element-35d8c6d elementor-widget elementor-widget-text-editor\" data-id=\"35d8c6d\" data-element_type=\"widget\" data-e-type=\"widget\" data-widget_type=\"text-editor.default\">\n\t\t\t\t<div class=\"elementor-widget-container\">\n\t\t\t\t\t\t\t\t\t<h2 style=\"font-variant-ligatures: normal; font-variant-caps: normal; font-family: Roboto, sans-serif; font-style: normal;\"><span style=\"font-size: 20px; color: #2b1d13;\">Duur van een sessie<\/span><\/h2>\n<div style=\"font-variant-ligatures: normal; font-variant-caps: normal; font-family: Roboto, sans-serif; font-size: 14px; font-style: normal; font-weight: 400; color: #898145;\">\n<p style=\"font-size: 14px; margin-block-end: 27px;\"><span style=\"font-size: 14px;\">Een sessie laat zich niet altijd vooraf plannen. Ik maak graag de tijd en ruimte voor wat in beweging komt en aandacht vraagt.<\/span><\/p>\n<p>Een fysieke behandeling (voetreflexologie, massage) kan binnen een sessie van 1 uur.&nbsp; Vaak is het zinvol om dieper in te gaan op wat in je leven of je lichaam aandacht vraagt. Dan biedt een sessie van 1,5 of 2 uur de ruimte om te verkennen wat er speelt en op een dieper niveau je koers bij te sturen.&nbsp;<span style=\"font-size: 14px;\">Een adviesgesprek rond voeding, kruiden, essenti\u00eble oli\u00ebn en&nbsp;<\/span><span style=\"font-size: 14px;\">leefstijl vraagt ook vaak 1 of 1,5 uur.<\/span><\/p>\n<p>Soms voel je dat er meer nodig is om de knoop te ontwarren.&nbsp;Dan kan een langere sessie (2 tot 3 uur) helpen om oude patronen heel zichtbaar&nbsp;te maken en nieuwe inzichten voldoende te verkennen om ze ook te kunnen&nbsp;meenemen terug naar je dagelijkse leven. Ook in een langere sessie is het&nbsp;mogelijk een fysieke behandeling te integreren, een andere optie is een<br>wandelgesprek.<\/p>\n<p style=\"font-size: 14px; margin-block-end: 27px;\"><span style=\"font-size: 14px;\">Als je een afspraak maakt, sta er dan al even bij stil wat&nbsp;je nodig hebt, zo heb je ook een idee van de tijd die je wil reserveren. Hoe we&nbsp;onze tijd samen invullen wordt vanzelf wel duidelijk (dat mag je op het moment&nbsp;zelf of in overleg bepalen) volgens jouw voorkeur en de noden van je&nbsp;lichaam.<\/span><\/p>\n<p style=\"font-size: 14px; margin-block-end: 27px;\"><span style=\"font-size: 14px;\">&nbsp;<\/span><\/p>\n<h2 style=\"font-variant-ligatures: normal; font-variant-caps: normal; font-family: Roboto, sans-serif; font-style: normal;\"><span style=\"font-size: 20px; color: #2b1d13;\">Prijs van een sessie<\/span><\/h2>\n<p>Voor het <strong>eerste uur<\/strong> van een sessie betaal je <strong>60 euro<\/strong>, per<strong> extra half uur 25 euro<\/strong>. Een sessie op een <strong>avond<\/strong> of in het <strong>weekend<\/strong> kost&nbsp;<strong>15 euro extra<\/strong>.<\/p>\n<p>Ik maak gebruik van verschillende natuurlijke vormen van&nbsp;ondersteuning, omdat ze elke sessie ondersteunen en verder laten doorwerken.<\/p>\n<ul>\n<li>Bij een massage gebruik ik natuurlijke amandel-olie (LaDr\u00f4me) als basis en integreer ik een reeks zeer zuivere en kwalitatieve essenti\u00eble oli\u00ebn (DoTerra) die jouw lichaam helpen om de balans te herstellen. Zit er een massage in je sessie, dan betaal je daarom&nbsp;<strong>10 euro extra<\/strong>.<\/li>\n<\/ul>\n<p>Je kan ook ondersteuning mee naar huis nemen na een sessie.<\/p>\n<ul>\n<li>Flesje of roller essenti\u00eble olie op maat: prijs afhankelijk van de samenstelling<\/li>\n<li>Bachbloesemremedies op maat: 15 euro<\/li>\n<li>Visuele reminder die je helpt inzichten te integreren in je dagelijkse leven<\/li>\n<\/ul>\n<\/div>\t\t\t\t\t\t\t\t<\/div>\n\t\t\t\t<\/div>\n\t\t\t\t\t<\/div>\n\t\t\t\t<\/div>\n\t\t<div class=\"elementor-element elementor-element-c1b593c e-flex e-con-boxed e-con e-parent\" data-id=\"c1b593c\" data-element_type=\"container\" data-e-type=\"container\">\n\t\t\t\t\t<div class=\"e-con-inner\">\n\t\t\t\t\t<\/div>\n\t\t\t\t<\/div>\n\t\t<div class=\"elementor-element elementor-element-5c8644a e-flex e-con-boxed e-con e-parent\" data-id=\"5c8644a\" data-element_type=\"container\" data-e-type=\"container\">\n\t\t\t\t\t<div class=\"e-con-inner\">\n\t\t\t\t<div class=\"elementor-element elementor-element-51d52e2 elementor-widget elementor-widget-image\" data-id=\"51d52e2\" data-element_type=\"widget\" data-e-type=\"widget\" data-widget_type=\"image.default\">\n\t\t\t\t<div class=\"elementor-widget-container\">\n\t\t\t\t\t\t\t\t\t\t\t\t\t\t\t<img loading=\"lazy\" decoding=\"async\" width=\"300\" height=\"240\" src=\"https:\/\/levenwicht.be\/wp-content\/uploads\/2025\/02\/logo-met-website-300x240.png\" class=\"attachment-medium size-medium wp-image-53\" alt=\"\" srcset=\"https:\/\/levenwicht.be\/wp-content\/uploads\/2025\/02\/logo-met-website-300x240.png 300w, https:\/\/levenwicht.be\/wp-content\/uploads\/2025\/02\/logo-met-website-1024x818.png 1024w, https:\/\/levenwicht.be\/wp-content\/uploads\/2025\/02\/logo-met-website-768x613.png 768w, https:\/\/levenwicht.be\/wp-content\/uploads\/2025\/02\/logo-met-website-1536x1226.png 1536w, https:\/\/levenwicht.be\/wp-content\/uploads\/2025\/02\/logo-met-website-2048x1635.png 2048w\" sizes=\"(max-width: 300px) 100vw, 300px\" \/>\t\t\t\t\t\t\t\t\t\t\t\t\t\t\t<\/div>\n\t\t\t\t<\/div>\n\t\t\t\t\t<\/div>\n\t\t\t\t<\/div>\n\t\t\t\t<\/div>\n\t\t","protected":false},"excerpt":{"rendered":"<p>Welkom op je pad naar meer leven in evenwicht natuurlijke ondersteuning van je fysieke, mentale en emotionele wel-zijn Je kiest vaak niet wat je overkomt en hoe je iets ervaart. Je kan wel kiezen hoe je ermee omgaat.\u00a0 Uit evenwicht gaan is een deel van het leven, van ieders leven. Wat heb jij nodig om [&hellip;]<\/p>\n","protected":false},"author":1,"featured_media":0,"parent":0,"menu_order":0,"comment_status":"closed","ping_status":"closed","template":"elementor_header_footer","meta":{"ocean_post_layout":"","ocean_both_sidebars_style":"","ocean_both_sidebars_content_width":0,"ocean_both_sidebars_sidebars_width":0,"ocean_sidebar":"","ocean_second_sidebar":"","ocean_disable_margins":"enable","ocean_add_body_class":"","ocean_shortcode_before_top_bar":"","ocean_shortcode_after_top_bar":"","ocean_shortcode_before_header":"","ocean_shortcode_after_header":"","ocean_has_shortcode":"","ocean_shortcode_after_title":"","ocean_shortcode_before_footer_widgets":"","ocean_shortcode_after_footer_widgets":"","ocean_shortcode_before_footer_bottom":"","ocean_shortcode_after_footer_bottom":"","ocean_display_top_bar":"default","ocean_display_header":"default","ocean_header_style":"","ocean_center_header_left_menu":"","ocean_custom_header_template":"","ocean_custom_logo":0,"ocean_custom_retina_logo":0,"ocean_custom_logo_max_width":0,"ocean_custom_logo_tablet_max_width":0,"ocean_custom_logo_mobile_max_width":0,"ocean_custom_logo_max_height":0,"ocean_custom_logo_tablet_max_height":0,"ocean_custom_logo_mobile_max_height":0,"ocean_header_custom_menu":"","ocean_menu_typo_font_family":"","ocean_menu_typo_font_subset":"","ocean_menu_typo_font_size":0,"ocean_menu_typo_font_size_tablet":0,"ocean_menu_typo_font_size_mobile":0,"ocean_menu_typo_font_size_unit":"px","ocean_menu_typo_font_weight":"","ocean_menu_typo_font_weight_tablet":"","ocean_menu_typo_font_weight_mobile":"","ocean_menu_typo_transform":"","ocean_menu_typo_transform_tablet":"","ocean_menu_typo_transform_mobile":"","ocean_menu_typo_line_height":0,"ocean_menu_typo_line_height_tablet":0,"ocean_menu_typo_line_height_mobile":0,"ocean_menu_typo_line_height_unit":"","ocean_menu_typo_spacing":0,"ocean_menu_typo_spacing_tablet":0,"ocean_menu_typo_spacing_mobile":0,"ocean_menu_typo_spacing_unit":"","ocean_menu_link_color":"","ocean_menu_link_color_hover":"","ocean_menu_link_color_active":"","ocean_menu_link_background":"","ocean_menu_link_hover_background":"","ocean_menu_link_active_background":"","ocean_menu_social_links_bg":"","ocean_menu_social_hover_links_bg":"","ocean_menu_social_links_color":"","ocean_menu_social_hover_links_color":"","ocean_disable_title":"default","ocean_disable_heading":"default","ocean_post_title":"","ocean_post_subheading":"","ocean_post_title_style":"","ocean_post_title_background_color":"","ocean_post_title_background":0,"ocean_post_title_bg_image_position":"","ocean_post_title_bg_image_attachment":"","ocean_post_title_bg_image_repeat":"","ocean_post_title_bg_image_size":"","ocean_post_title_height":0,"ocean_post_title_bg_overlay":0.5,"ocean_post_title_bg_overlay_color":"","ocean_disable_breadcrumbs":"default","ocean_breadcrumbs_color":"","ocean_breadcrumbs_separator_color":"","ocean_breadcrumbs_links_color":"","ocean_breadcrumbs_links_hover_color":"","ocean_display_footer_widgets":"default","ocean_display_footer_bottom":"default","ocean_custom_footer_template":"","footnotes":""},"class_list":["post-9","page","type-page","status-publish","hentry","entry"],"_links":{"self":[{"href":"https:\/\/levenwicht.be\/index.php?rest_route=\/wp\/v2\/pages\/9","targetHints":{"allow":["GET"]}}],"collection":[{"href":"https:\/\/levenwicht.be\/index.php?rest_route=\/wp\/v2\/pages"}],"about":[{"href":"https:\/\/levenwicht.be\/index.php?rest_route=\/wp\/v2\/types\/page"}],"author":[{"embeddable":true,"href":"https:\/\/levenwicht.be\/index.php?rest_route=\/wp\/v2\/users\/1"}],"replies":[{"embeddable":true,"href":"https:\/\/levenwicht.be\/index.php?rest_route=%2Fwp%2Fv2%2Fcomments&post=9"}],"version-history":[{"count":34,"href":"https:\/\/levenwicht.be\/index.php?rest_route=\/wp\/v2\/pages\/9\/revisions"}],"predecessor-version":[{"id":63,"href":"https:\/\/levenwicht.be\/index.php?rest_route=\/wp\/v2\/pages\/9\/revisions\/63"}],"wp:attachment":[{"href":"https:\/\/levenwicht.be\/index.php?rest_route=%2Fwp%2Fv2%2Fmedia&parent=9"}],"curies":[{"name":"wp","href":"https:\/\/api.w.org\/{rel}","templated":true}]}}